{"id":160,"date":"2018-08-28T09:52:26","date_gmt":"2018-08-28T06:52:26","guid":{"rendered":"http:\/\/konte.uix.store\/?page_id=160"},"modified":"2022-11-22T19:39:39","modified_gmt":"2022-11-22T16:39:39","slug":"hakkimda","status":"publish","type":"page","link":"https:\/\/savastopac.com\/en\/hakkimda\/","title":{"rendered":"About Me"},"content":{"rendered":"<div class=\"vc_row wpb_row vc_row-fluid\"><div class=\"wpb_column vc_column_container vc_col-sm-12\"><div class=\"vc_column-inner\"><div class=\"wpb_wrapper\"><h2 style=\"text-align: left\" class=\"vc_custom_heading\" >Hello, I'm Savas Topac<\/h2><p style=\"font-size: 14px;color: #838889;text-align: left\" class=\"vc_custom_heading vc_custom_1669135177398\" >Designer, Istanbul, TR<\/p>\n\t<div class=\"wpb_text_column wpb_content_element\" >\n\t\t<div class=\"wpb_wrapper\">\n\t\t\t<p style=\"font-size: 1rem; margin-bottom: 34px;\"><strong>I have been designing since 2016, I do corporate identity, web interface and video designs in general.<\/strong><\/p>\n<p style=\"font-size: 1rem;\">I am 25 years old, I live in Istanbul. I graduated from Geli\u015fim University, Department of Communication Design. I continued to work as a graphic designer in 2017 at the agency, which I started as an intern in 2016. I had the chance to work regularly with companies from different sectors. As I gained experience, I started to take freelance jobs and focus on freelance work. I do corporate identity design, interface design and static\/dynamic graphic design.<\/p>\n\n\t\t<\/div>\n\t<\/div>\n<div class=\"vc_row wpb_row vc_inner vc_row-fluid vc_custom_1530263303110\"><div class=\"wpb_column vc_column_container vc_col-sm-12\"><div class=\"vc_column-inner\"><div class=\"wpb_wrapper\"><div class=\"vc_icon_element vc_icon_element-outer vc_icon_element-align-left\"><div class=\"vc_icon_element-inner vc_icon_element-color-black vc_icon_element-size-sm vc_icon_element-style- vc_icon_element-background-color-grey\" ><span class=\"vc_icon_element-icon fab fa-twitter\" ><\/span><a class=\"vc_icon_element-link\" href=\"https:\/\/twitter.com\/soisuz\"  title=\"\" target=\"_blank\"><\/a><\/div><\/div><div class=\"vc_icon_element vc_icon_element-outer vc_icon_element-align-left\"><div class=\"vc_icon_element-inner vc_icon_element-color-black vc_icon_element-size-sm vc_icon_element-style- vc_icon_element-background-color-grey\" ><span class=\"vc_icon_element-icon fab fa-facebook-f\" ><\/span><a class=\"vc_icon_element-link\" href=\"https:\/\/www.facebook.com\/savas.topac.399\"  title=\"\" target=\"_blank\"><\/a><\/div><\/div><div class=\"vc_icon_element vc_icon_element-outer vc_icon_element-align-left\"><div class=\"vc_icon_element-inner vc_icon_element-color-black vc_icon_element-size-sm vc_icon_element-style- vc_icon_element-background-color-grey\" ><span class=\"vc_icon_element-icon fab fa-instagram\" ><\/span><a class=\"vc_icon_element-link\" href=\"https:\/\/instagram.com\/soisuz\"  title=\"\" target=\"_blank\"><\/a><\/div><\/div><div class=\"vc_icon_element vc_icon_element-outer vc_icon_element-align-left\"><div class=\"vc_icon_element-inner vc_icon_element-color-black vc_icon_element-size-sm vc_icon_element-style- vc_icon_element-background-color-grey\" ><span class=\"vc_icon_element-icon fas fa-envelope\" ><\/span><a class=\"vc_icon_element-link\" href=\"mailto:%20savastopacc@gmail.com\"  title=\"\" target=\"_blank\"><\/a><\/div><\/div><\/div><\/div><\/div><\/div><\/div><\/div><\/div><\/div>","protected":false},"excerpt":{"rendered":"Merhaba, ben Sava\u015f Topa\u00e7Tasar\u0131mc\u0131, \u0130stanbul, TR 2016'dan beri tasar\u0131m yap\u0131yorum, genel olarak kurumsal kimlik, web aray\u00fcz ve video tasar\u0131mlar\u0131 yap\u0131yorum. 25 ya\u015f\u0131nday\u0131m, \u0130stanbul'da ya\u015f\u0131yorum. Geli\u015fim \u00dcniversitesi \u0130leti\u015fim Tasar\u0131m\u0131 b\u00f6l\u00fcm\u00fc mezunuyum.&hellip;","protected":false},"author":1,"featured_media":2023,"parent":0,"menu_order":0,"comment_status":"closed","ping_status":"closed","template":"templates\/split.php","meta":{"footnotes":""},"class_list":["post-160","page","type-page","status-publish","has-post-thumbnail","hentry"],"_links":{"self":[{"href":"https:\/\/savastopac.com\/en\/wp-json\/wp\/v2\/pages\/160","targetHints":{"allow":["GET"]}}],"collection":[{"href":"https:\/\/savastopac.com\/en\/wp-json\/wp\/v2\/pages"}],"about":[{"href":"https:\/\/savastopac.com\/en\/wp-json\/wp\/v2\/types\/page"}],"author":[{"embeddable":true,"href":"https:\/\/savastopac.com\/en\/wp-json\/wp\/v2\/users\/1"}],"replies":[{"embeddable":true,"href":"https:\/\/savastopac.com\/en\/wp-json\/wp\/v2\/comments?post=160"}],"version-history":[{"count":11,"href":"https:\/\/savastopac.com\/en\/wp-json\/wp\/v2\/pages\/160\/revisions"}],"predecessor-version":[{"id":2206,"href":"https:\/\/savastopac.com\/en\/wp-json\/wp\/v2\/pages\/160\/revisions\/2206"}],"wp:featuredmedia":[{"embeddable":true,"href":"https:\/\/savastopac.com\/en\/wp-json\/wp\/v2\/media\/2023"}],"wp:attachment":[{"href":"https:\/\/savastopac.com\/en\/wp-json\/wp\/v2\/media?parent=160"}],"curies":[{"name":"wp","href":"https:\/\/api.w.org\/{rel}","templated":true}]}}